{"id":11,"date":"2017-08-25T11:23:44","date_gmt":"2017-08-25T11:23:44","guid":{"rendered":"https:\/\/2018.bari.wordcamp.org\/location\/"},"modified":"2018-03-26T09:45:45","modified_gmt":"2018-03-26T09:45:45","slug":"location","status":"publish","type":"page","link":"https:\/\/bari.wordcamp.org\/2018\/location\/","title":{"rendered":"Dove e Quando"},"content":{"rendered":"<p>Italian text is followed by English Text<\/p>\n<p>Qui di seguito troverai tutte le informazioni per raggiungere il WordCamp Bari!<\/p>\n<h2>Dove<\/h2>\n<p>Il WordCamp Bari 2018 sar\u00e0 ospitato presso la sale eventi e la biblioteca dello spazio di coworking <a href=\"https:\/\/bari.impacthub.net\/\" target=\"_blank\" rel=\"noopener\"><strong>Impact Hub di Bari<\/strong><\/a>, la struttura \u00e8 attrezzata con Wi-Fi ad alta velocit\u00e0 e gli ampi spazi permetteranno all\u2019evento di svolgersi in maniera semplice e funzionale, garantendo a tutti i necessari comfort.<\/p>\n<p><img loading=\"lazy\" decoding=\"async\" class=\"aligncenter size-full wp-image-922\" src=\"https:\/\/2018.bari.wordcamp.org\/files\/2018\/03\/Impact_Hub_Bari.jpg\" alt=\"Impact Hub Bari\" width=\"1140\" height=\"407\" srcset=\"https:\/\/bari.wordcamp.org\/2018\/files\/2018\/03\/Impact_Hub_Bari.jpg 1140w, https:\/\/bari.wordcamp.org\/2018\/files\/2018\/03\/Impact_Hub_Bari-300x107.jpg 300w, https:\/\/bari.wordcamp.org\/2018\/files\/2018\/03\/Impact_Hub_Bari-768x274.jpg 768w, https:\/\/bari.wordcamp.org\/2018\/files\/2018\/03\/Impact_Hub_Bari-1024x366.jpg 1024w, https:\/\/bari.wordcamp.org\/2018\/files\/2018\/03\/Impact_Hub_Bari-500x179.jpg 500w\" sizes=\"auto, (max-width: 767px) 89vw, (max-width: 1000px) 54vw, (max-width: 1071px) 543px, 580px\" \/><\/p>\n<p>Impact Hub Bari \u00e8 situato in via Volga all\u2019interno della Fiera del Levante, con ingresso sul lungomare dall\u2019entrata Monumentale della Fiera.<\/p>\n<div class=\"googlemaps\">\n\t\t\t\t<iframe loading=\"lazy\" width=\"100\" height=\"450\" frameborder=\"0\" scrolling=\"no\" marginheight=\"0\" marginwidth=\"0\"  src=\"https:\/\/www.google.com\/maps\/embed?pb=!1m14!1m8!1m3!1d12019.594215122135!2d16.8372957!3d41.1367405!3m2!1i1024!2i768!4f13.1!3m3!1m2!1s0x0:0x2f46667d2775d5d0!2sImpact%20Hub%20Bari!5e0!3m2!1sit!2sit!4v1516388222457\"><\/iframe>\n\t\t\t<\/div>\n<p>Ecco come raggiungere <a href=\"https:\/\/bari.impacthub.net\/\">Impact Hub<\/a> una volta entrati in Fiera.<\/p>\n<p><img loading=\"lazy\" decoding=\"async\" class=\"alignnone wp-image-535 size-full\" src=\"https:\/\/2018.bari.wordcamp.org\/files\/2018\/02\/mappa-fiera-the-hub.jpg\" alt=\"\" width=\"1854\" height=\"1160\" srcset=\"https:\/\/bari.wordcamp.org\/2018\/files\/2018\/02\/mappa-fiera-the-hub.jpg 1854w, https:\/\/bari.wordcamp.org\/2018\/files\/2018\/02\/mappa-fiera-the-hub-300x188.jpg 300w, https:\/\/bari.wordcamp.org\/2018\/files\/2018\/02\/mappa-fiera-the-hub-768x481.jpg 768w, https:\/\/bari.wordcamp.org\/2018\/files\/2018\/02\/mappa-fiera-the-hub-1024x641.jpg 1024w, https:\/\/bari.wordcamp.org\/2018\/files\/2018\/02\/mappa-fiera-the-hub-479x300.jpg 479w\" sizes=\"auto, (max-width: 767px) 89vw, (max-width: 1000px) 54vw, (max-width: 1071px) 543px, 580px\" \/><\/p>\n<h2>Come<\/h2>\n<p>L&#8217;evento si svolger\u00e0 in due giornate.<\/p>\n<p>Il <strong>Contributor Day<\/strong> si terr\u00e0 <strong>Venerd\u00ec 11 Maggio<\/strong> a partire dalle ore <strong>09:30<\/strong> e durer\u00e0 sino al primo pomeriggio<strong>.<\/strong><\/p>\n<p>Il <strong>WordCamp<\/strong> si terr\u00e0 <strong>Sabato 12 Maggio<\/strong> a partire dalle ore <strong>08:30<\/strong> con la registrazione degli attendees, mentre la conferenza partir\u00e0 alle <strong>09:30<\/strong>.<\/p>\n<p>Il <strong>12 Maggio<\/strong>, in serata a partire dalle<strong> 20:00<\/strong>, ci sar\u00e0 l\u2019<strong>After Party<\/strong>!<br \/>\nIl luogo e gli orari saranno comunicati al pi\u00f9 presto.<br \/>\nL\u2019After Party \u00e8 un\u2019ottima occasione per fare networking, conoscersi meglio e per continuare a divertirsi, perci\u00f2 non andare via subito, rimani con noi!<\/p>\n<h2>Muoversi in citt\u00e0<\/h2>\n<p>Per raggiungere la location del WordCamp Bari si possono utilizzare i collegamenti con autobus urbani gestiti da Amtab Bari, prendendo i pullman che dalla Stazione Centrale FS (Piazza Aldo Moro).<\/p>\n<p>Portano verso la Fiera numeri 22, 27 e 53 e scendendo alla fermata in via Paolo Pinto, fronte Ingresso Monumentale Fiera.<br \/>\nI <a href=\"http:\/\/www.amtab.it\/index.php?option=com_content&amp;view=article&amp;id=1038:biglietti&amp;catid=9:uncategorised&amp;Itemid=435\" target=\"_blank\" rel=\"noopener\">biglietti<\/a> hanno validit\u00e0 di 75\/100 minuti oppure giornaliera (ci sono anche opzioni park &amp; ride) e sono acquistabili presso le rivendite autorizzate, edicole, tabacchi. Puoi conoscere tutti gli orari e le fermate per pianificare il tuo percorso tramite il sito ufficiale <a href=\"http:\/\/amtab.it\/\">Amtab.it<\/a> (linee bus cittadine).<\/p>\n<p>Sulla piazza antistante la Stazione Centrale di Bari delle Ferrovie dello Stato \u00e8 presente un box autorizzato presso il quale \u00e8 possibile ricevere\u00a0informazioni.<\/p>\n<h3>Come arrivare a Bari<\/h3>\n<p><strong>In Aereo<\/strong>: L\u2019aeroporto Karol Wojtyla \u00e8 situato a poco pi\u00f9 di 10 Km dal centro cittadino ed \u00e8 servito sia da compagnie di bandiera che da quelle low cost.<\/p>\n<p>L\u2019aeroporto \u00e8 collegato con la Stazione Centrale di Trenitalia con:<\/p>\n<ul>\n<li>Bus di citt\u00e0 numero 16 (~ 40-45 minuti)<\/li>\n<li>Navetta Bus Tempesta (~ 25-30 minuti)<\/li>\n<li>Linea Ferroviaria Metropolitana gestita dalla societ\u00e0 <a href=\"http:\/\/www.ferrovienordbarese.it\/\" target=\"_blank\" rel=\"noopener\">Ferrovie Nord Barese<\/a> con frequenti collegamenti (~ 15 minuti)<\/li>\n<li>Taxi (~25-30 minuti)<\/li>\n<\/ul>\n<p><strong>Treno<\/strong>: La stazione dei treni Trenitalia \u00e8 situata in pieno centro citt\u00e0, ed a questa si affiancano le stazioni di scalo degli operatori locali di Ferrovie Del Sud Est, Ferrotramviaria spa, Ferrovie Appulo Lucane<\/p>\n<p><strong>Auto<\/strong>: La citt\u00e0 \u00e8 raggiungibile facilmente mediante le direttrici:<\/p>\n<ul>\n<li>Statale SS 16 (Tangenziale di Bari) prendi l\u2019uscita 4 Via Napoli, direzione Bari Fiera Del Levante.<\/li>\n<li>Autostrada A14 uscita Bari-Nord, una volta usciti prendere direzione Tangenziale Bari uscita n. 4 Fiera-Porto<\/li>\n<\/ul>\n<p><strong>Bus<\/strong>: La citt\u00e0 \u00e8 servita dai maggiori vettori nazionali, anche low cost, tra cui <a href=\"https:\/\/www.flixbus.it\/\" target=\"_blank\" rel=\"noopener\">FlixBus<\/a> &#8211; <a href=\"https:\/\/www.marozzivt.it\/home\" target=\"_blank\" rel=\"noopener\">Marozzi<\/a> &#8211; <a href=\"http:\/\/www.marinobus.it\/\" target=\"_blank\" rel=\"noopener\">Marino<\/a> &#8211; <a href=\"http:\/\/www.baltour.it\/\" target=\"_blank\" rel=\"noopener\">Autolinee Baltour<\/a>.<\/p>\n<h3>Strutture Convenzionate<\/h3>\n<p>A questa <a href=\"https:\/\/2018.bari.wordcamp.org\/2018\/03\/25\/strutture-convenzionate\/\">pagina<\/a>, abbiamo una serie di strutture convenzionate dove potrete soggiornare a tariffe agevolate.<\/p>\n<h1>English Text<\/h1>\n<p>Here you will find all the informations regarding the logistics of il WordCamp Bari!<\/p>\n<h2>Where<\/h2>\n<p>The 2018&#8217;s edition of the WordCamp Bari 2018 will be hosted by the coworking space of <a href=\"https:\/\/bari.impacthub.net\/\" target=\"_blank\" rel=\"noopener\"><strong>Impact Hub di Bari<\/strong><\/a>, the place is equiped with high speed connectivity and all the comforts needed to let participants have a good time and a relaxing experience following the event.<\/p>\n<p><img loading=\"lazy\" decoding=\"async\" class=\"aligncenter size-full wp-image-922\" src=\"https:\/\/2018.bari.wordcamp.org\/files\/2018\/03\/Impact_Hub_Bari.jpg\" alt=\"Impact Hub Bari\" width=\"1140\" height=\"407\" srcset=\"https:\/\/bari.wordcamp.org\/2018\/files\/2018\/03\/Impact_Hub_Bari.jpg 1140w, https:\/\/bari.wordcamp.org\/2018\/files\/2018\/03\/Impact_Hub_Bari-300x107.jpg 300w, https:\/\/bari.wordcamp.org\/2018\/files\/2018\/03\/Impact_Hub_Bari-768x274.jpg 768w, https:\/\/bari.wordcamp.org\/2018\/files\/2018\/03\/Impact_Hub_Bari-1024x366.jpg 1024w, https:\/\/bari.wordcamp.org\/2018\/files\/2018\/03\/Impact_Hub_Bari-500x179.jpg 500w\" sizes=\"auto, (max-width: 767px) 89vw, (max-width: 1000px) 54vw, (max-width: 1071px) 543px, 580px\" \/><\/p>\n<p>Impact Hub Bari is placed at via Volga inside the exposition&#8217;s area \u2018Fiera del Levante\u2019, you&#8217;ll have to reach the monumental entrance on Lungomare Starita 4 &#8211; 70132 Bari, Italy.<\/p>\n<div class=\"googlemaps\">\n\t\t\t\t<iframe loading=\"lazy\" width=\"100\" height=\"450\" frameborder=\"0\" scrolling=\"no\" marginheight=\"0\" marginwidth=\"0\"  src=\"https:\/\/www.google.com\/maps\/embed?pb=!1m14!1m8!1m3!1d12019.594215122135!2d16.8372957!3d41.1367405!3m2!1i1024!2i768!4f13.1!3m3!1m2!1s0x0:0x2f46667d2775d5d0!2sImpact%20Hub%20Bari!5e0!3m2!1sit!2sit!4v1516388222457\"><\/iframe>\n\t\t\t<\/div>\n<p>Here&#8217;s how-to reach the <a href=\"https:\/\/bari.impacthub.net\/\">Impact Hub<\/a> once you enter the Fiera Area.<\/p>\n<p><img loading=\"lazy\" decoding=\"async\" class=\"alignnone wp-image-535 size-full\" src=\"https:\/\/2018.bari.wordcamp.org\/files\/2018\/02\/mappa-fiera-the-hub.jpg\" alt=\"\" width=\"1854\" height=\"1160\" srcset=\"https:\/\/bari.wordcamp.org\/2018\/files\/2018\/02\/mappa-fiera-the-hub.jpg 1854w, https:\/\/bari.wordcamp.org\/2018\/files\/2018\/02\/mappa-fiera-the-hub-300x188.jpg 300w, https:\/\/bari.wordcamp.org\/2018\/files\/2018\/02\/mappa-fiera-the-hub-768x481.jpg 768w, https:\/\/bari.wordcamp.org\/2018\/files\/2018\/02\/mappa-fiera-the-hub-1024x641.jpg 1024w, https:\/\/bari.wordcamp.org\/2018\/files\/2018\/02\/mappa-fiera-the-hub-479x300.jpg 479w\" sizes=\"auto, (max-width: 767px) 89vw, (max-width: 1000px) 54vw, (max-width: 1071px) 543px, 580px\" \/><\/p>\n<h2>How<\/h2>\n<p>The event will take place during two days.<\/p>\n<p>On <strong>Friday 11 May<\/strong> we will host the <strong>Contributor Day<\/strong>, starting at <strong>09:30<\/strong> will endure up to the fist hours of afternoon.<\/p>\n<p>The <strong>WordCamp<\/strong> will take place the day after, <strong>Saturday 12 May<\/strong>. Registration of the attendees will start at <strong>08:30<\/strong>, with the conference starting up at <strong>09:30<\/strong>. Program is to close the event at 18:00.<\/p>\n<p>The evening of <strong>May 12<sup>th<\/sup><\/strong>, starting at <strong>20:00<\/strong>, we will start the <strong>After Party<\/strong>!<br \/>\nWe will communicate the location shortly. The After Party is open to all the participants of the conference and it&#8217;s a great way to make networking, know each other and continue to enjoy the WordCamp. So don&#8217;t leave immediately after the conference, you&#8217;ll miss something to remember \ud83d\ude09<\/p>\n<h2>Moving in Bari<\/h2>\n<p>To reach the location of the WordCamp Bari \u2013 along with your car or a taxi \u2013 you can use the bus lines provided by da Amtab Bari, starting terminus is located in Piazza Aldo Moro, in front of the main train station of Trenitalia\/Ferrovie dello Stato.<\/p>\n<p>Lines 22, 27 and 53 will take you to the Fiera del Levante entrance, dropping off at stop in via Paolo Pinto, you&#8217;ll have the monumental entrance on your left, facing the sea.<br \/>\nThere are many options for <a href=\"http:\/\/www.amtab.it\/index.php?option=com_content&amp;view=article&amp;id=1038:biglietti&amp;catid=9:uncategorised&amp;Itemid=435\" target=\"_blank\" rel=\"noopener\">tickets<\/a> ranging from 75\/100 minutes, daily and also with a \u2018Park &amp; Ride\u2019 option. Tickets are sold by authorized resales, newsagents, tobacco shops.<br \/>\nYou can find all the timetables and stops to plan your route through the official website <a href=\"http:\/\/amtab.it\/\"> Amtab.it <\/a> (city bus lines).<br \/>\nIn Piazza Aldo Moro, in front of the Central Railway Station of Trenitalia\/Ferrovie dello Stato, there is an authorized box where you can receive information.<\/p>\n<h3>How-To get reach Bari<\/h3>\n<p><strong>Plane<\/strong>: Bari&#8217;s \u201cKarol Wojtyla\u201d Airport is located just over 10 km from the city center and is served by both flag carriers and low cost airlines.<br \/>\nThe airport is connected to the city center by the following:<\/p>\n<ul>\n<li>Amtab Bus line #16 (travel time ~ 40-45 minutes)<\/li>\n<li>private bus line \u2018Tempesta\u2019 (travel time ~ 25-30 minutes)<\/li>\n<li>train line (plan -1 of the airport) by <a href=\"http:\/\/www.ferrovienordbarese.it\/\" target=\"_blank\" rel=\"noopener\">Ferrovie Nord Barese<\/a>, ticket is 5\u20ac per ride, frequent connections (travel time ~ 15 minutes)<\/li>\n<li>Taxi (~25-30 minutes)<\/li>\n<\/ul>\n<p><strong>Train<\/strong>: the main train station by Trenitalia \/ Ferrovie dello Stato is located in the city center, you&#8217;ll find there also the terminus of many bus lines along with other train lines provided by local operatorsFerrovie Del Sud Est, Ferrotramviaria spa, Ferrovie Appulo Lucane.<\/p>\n<p><strong>Car<\/strong>: Bari is easily reachable by car using two main directions:<\/p>\n<ul>\n<li>Strada Statale SS 16 (Tangenziale di Bari). Then to reach the Exposition Area of the Fiera del Levante you&#8217;ll have to choose the exit n\u00b04 Via Napoli, direction Bari Fiera Del Levante.<\/li>\n<li>Autostrada A14 &#8211; exit Bari-Nord, once outside the highway you&#8217;ll have to take the direction of the Tangenziale Bari and then exit n\u00b04 Fiera-Porto<\/li>\n<\/ul>\n<p><strong>Bus<\/strong>: The city is served by major national carriers, including low cost companies, including: <a href=\"https:\/\/www.flixbus.it\/\" target=\"_blank\" rel=\"noopener\">FlixBus<\/a> &#8211; <a href=\"https:\/\/www.marozzivt.it\/home\" target=\"_blank\" rel=\"noopener\">Marozzi<\/a> &#8211; <a href=\"http:\/\/www.marinobus.it\/\" target=\"_blank\" rel=\"noopener\">Marino<\/a> &#8211; <a href=\"http:\/\/www.baltour.it\/\" target=\"_blank\" rel=\"noopener\">Autolinee Baltour<\/a>.<\/p>\n<h3>Where to sleeep<\/h3>\n<p>On this <a href=\"https:\/\/2018.bari.wordcamp.org\/2018\/03\/25\/strutture-convenzionate\/\">page<\/a>, we are listing a series of conventioned facilities where you can stay at discounted rates.<\/p>\n","protected":false},"excerpt":{"rendered":"<p>Italian text is followed by English Text Qui di seguito troverai tutte le informazioni per raggiungere il WordCamp Bari! Dove Il WordCamp Bari 2018 sar\u00e0 ospitato presso la sale eventi e la biblioteca dello spazio di coworking Impact Hub di Bari, la struttura \u00e8 attrezzata con Wi-Fi ad alta velocit\u00e0 e gli ampi spazi permetteranno &hellip; <\/p>\n<p class=\"link-more\"><a href=\"https:\/\/bari.wordcamp.org\/2018\/location\/\" class=\"more-link\">Leggi tutto<span class=\"screen-reader-text\"> &#8220;Dove e Quando&#8221;<\/span><\/a><\/p>\n","protected":false},"author":12851540,"featured_media":0,"parent":0,"menu_order":0,"comment_status":"closed","ping_status":"closed","template":"","meta":{"jetpack_post_was_ever_published":false,"footnotes":""},"class_list":["post-11","page","type-page","status-publish","hentry"],"jetpack_sharing_enabled":true,"jetpack_shortlink":"https:\/\/wp.me\/P96Yia-b","_links":{"self":[{"href":"https:\/\/bari.wordcamp.org\/2018\/wp-json\/wp\/v2\/pages\/11","targetHints":{"allow":["GET"]}}],"collection":[{"href":"https:\/\/bari.wordcamp.org\/2018\/wp-json\/wp\/v2\/pages"}],"about":[{"href":"https:\/\/bari.wordcamp.org\/2018\/wp-json\/wp\/v2\/types\/page"}],"author":[{"embeddable":true,"href":"https:\/\/bari.wordcamp.org\/2018\/wp-json\/wp\/v2\/users\/12851540"}],"replies":[{"embeddable":true,"href":"https:\/\/bari.wordcamp.org\/2018\/wp-json\/wp\/v2\/comments?post=11"}],"version-history":[{"count":22,"href":"https:\/\/bari.wordcamp.org\/2018\/wp-json\/wp\/v2\/pages\/11\/revisions"}],"predecessor-version":[{"id":925,"href":"https:\/\/bari.wordcamp.org\/2018\/wp-json\/wp\/v2\/pages\/11\/revisions\/925"}],"wp:attachment":[{"href":"https:\/\/bari.wordcamp.org\/2018\/wp-json\/wp\/v2\/media?parent=11"}],"curies":[{"name":"wp","href":"https:\/\/api.w.org\/{rel}","templated":true}]}}