{"id":11,"date":"2018-12-21T19:05:56","date_gmt":"2018-12-21T18:05:56","guid":{"rendered":"https:\/\/2019.bari.wordcamp.org\/location\/"},"modified":"2019-02-27T09:12:48","modified_gmt":"2019-02-27T08:12:48","slug":"location","status":"publish","type":"page","link":"https:\/\/bari.wordcamp.org\/2019\/location\/","title":{"rendered":"Dove e Quando"},"content":{"rendered":"<p><img loading=\"lazy\" decoding=\"async\" class=\"alignnone size-full wp-image-411\" src=\"https:\/\/2019.bari.wordcamp.org\/files\/2019\/02\/post-cover_dove-quando.jpg\" alt=\"\" width=\"800\" height=\"400\" srcset=\"https:\/\/bari.wordcamp.org\/2019\/files\/2019\/02\/post-cover_dove-quando.jpg 800w, https:\/\/bari.wordcamp.org\/2019\/files\/2019\/02\/post-cover_dove-quando-300x150.jpg 300w, https:\/\/bari.wordcamp.org\/2019\/files\/2019\/02\/post-cover_dove-quando-768x384.jpg 768w, https:\/\/bari.wordcamp.org\/2019\/files\/2019\/02\/post-cover_dove-quando-500x250.jpg 500w\" sizes=\"auto, (max-width: 800px) 100vw, 800px\" \/><\/p>\n<p lang=\"en\"><em>Italian text is followed by <a href=\"#en-divider\">English<\/a><\/em><\/p>\n<p>Qui di seguito troverai tutte le informazioni per raggiungere il WordCamp Bari 2019!<\/p>\n<h2>Dove<\/h2>\n<p>Il WordCamp Bari 2019 sar\u00e0 ospitato presso il laboratorio urbano della citt\u00e0 di Bari <a href=\"https:\/\/www.officinadegliesordi.it\/\" target=\"_blank\" rel=\"noopener noreferrer\">Officina degli Esordi<\/a>, la struttura \u00e8 attrezzata con Wi-Fi ad alta velocit\u00e0 e gli ampi spazi permetteranno all\u2019evento di svolgersi in maniera semplice e funzionale, garantendo a tutti i necessari comfort.<\/p>\n<p><img loading=\"lazy\" decoding=\"async\" class=\"aligncenter size-full wp-image-401\" src=\"https:\/\/2019.bari.wordcamp.org\/files\/2019\/02\/officina-degli-esordi.jpg\" alt=\"\" width=\"800\" height=\"177\" srcset=\"https:\/\/bari.wordcamp.org\/2019\/files\/2019\/02\/officina-degli-esordi.jpg 800w, https:\/\/bari.wordcamp.org\/2019\/files\/2019\/02\/officina-degli-esordi-300x66.jpg 300w, https:\/\/bari.wordcamp.org\/2019\/files\/2019\/02\/officina-degli-esordi-768x170.jpg 768w, https:\/\/bari.wordcamp.org\/2019\/files\/2019\/02\/officina-degli-esordi-500x111.jpg 500w\" sizes=\"auto, (max-width: 800px) 100vw, 800px\" \/><\/p>\n<p>Officina degli Esordi \u00e8 situato in via Crispi 5, Bari.<\/p>\n<div class=\"googlemaps\"><div class=\"googlemaps\">\n\t\t\t\t<iframe loading=\"lazy\" width=\"100\" height=\"450\" frameborder=\"0\" scrolling=\"no\" marginheight=\"0\" marginwidth=\"0\"  src=\"https:\/\/www.google.com\/maps\/embed?pb=!1m14!1m8!1m3!1d12021.693459522541!2d16.860187!3d41.125283!3m2!1i1024!2i768!4f13.1!3m3!1m2!1s0x0:0x2b6b9c29803ba9e3!2sOfficina%20degli%20Esordi!5e0!3m2!1sit!2sit!4v1549305351808\"><\/iframe>\n\t\t\t<\/div><\/div>\n<h2>Come<\/h2>\n<p>L\u2019evento si svolger\u00e0 in due giornate.<\/p>\n<p>Il <strong>Contributor Day<\/strong> si terr\u00e0 <strong>Venerd\u00ec 17 Maggio<\/strong> a partire dalle ore <strong>09:30<\/strong> e durer\u00e0 sino al primo pomeriggio<strong>.<\/strong><\/p>\n<p>Il <strong>WordCamp<\/strong> si terr\u00e0 <strong>Sabato 18 Maggio<\/strong> a partire dalle ore <strong>08:30<\/strong> con la registrazione degli attendees, mentre la conferenza partir\u00e0 alle <strong>09:30<\/strong>.<\/p>\n<p>Il <strong>18 Maggio<\/strong>, in serata a partire dalle<strong> 20:00<\/strong>, ci sar\u00e0 l\u2019<strong>After Party<\/strong>!<br \/>\nIl luogo e gli orari saranno comunicati al pi\u00f9 presto.<br \/>\nL\u2019After Party \u00e8 un\u2019ottima occasione per fare networking, conoscersi meglio e per continuare a divertirsi, perci\u00f2 non andare via subito, rimani con noi!<\/p>\n<h2>Muoversi in citt\u00e0<\/h2>\n<p>La location \u00e8 situata nel centro citt\u00e0, facilmente raggiungibile a piedi.<br \/>\nPer raggiungerla si possono anche utilizzare i collegamenti con autobus urbani gestiti da <a href=\"http:\/\/www.amtab.it\/\" target=\"_blank\" rel=\"noopener noreferrer\">Amtab Bari<\/a>, prendendo i pullman che dalla Stazione Centrale FS (Piazza Aldo Moro) portano verso via Crispi n\u00b0 5, per eventuali informazioni \u00e8 possibile rivolgersi al personale del box autorizzato presente sul piazzale antistante la Stazione Centrale.<\/p>\n<div class=\"googlemaps\">\n\t\t\t\t<iframe loading=\"lazy\" width=\"100\" height=\"450\" frameborder=\"0\" scrolling=\"no\" marginheight=\"0\" marginwidth=\"0\"  src=\"https:\/\/www.google.com\/maps\/embed?pb=!1m24!1m12!1m3!1d6011.113618357417!2d16.86296014159515!3d41.1223692703722!2m3!1f0!2f0!3f0!3m2!1i1024!2i768!4f13.1!4m9!3e2!4m3!3m2!1d41.1183236!2d16.8693025!4m3!3m2!1d41.1251488!2d16.8602022!5e0!3m2!1sit!2sit!4v1551209313098\"><\/iframe>\n\t\t\t<\/div>\n<h2>Come arrivare a Bari<\/h2>\n<p><strong>In Aereo<\/strong>: L\u2019aeroporto Karol Wojtyla \u00e8 situato a poco pi\u00f9 di 10 Km dal centro cittadino ed \u00e8 servito sia da compagnie di bandiera che da quelle low cost.<\/p>\n<p>L\u2019aeroporto \u00e8 collegato con la Stazione Centrale di Trenitalia con:<\/p>\n<ul>\n<li>Bus di citt\u00e0 numero 16 (~ 40-45 minuti)<\/li>\n<li>Navetta Bus Tempesta (~ 25-30 minuti)<\/li>\n<li>Linea Ferroviaria Metropolitana gestita dalla societ\u00e0 <a href=\"http:\/\/www.ferrovienordbarese.it\/\" target=\"_blank\" rel=\"noopener noreferrer\">Ferrovie Nord Barese<\/a> con frequenti collegamenti (~ 15 minuti)<\/li>\n<li>Taxi (~25-30 minuti)<\/li>\n<\/ul>\n<p><strong>Treno<\/strong>: La stazione dei treni Trenitalia \u00e8 situata in pieno centro citt\u00e0, ed a questa si affiancano le stazioni di scalo degli operatori locali di Ferrovie Del Sud Est, Ferrotramviaria spa, Ferrovie Appulo Lucane<\/p>\n<p><strong>Auto<\/strong>: La citt\u00e0 \u00e8 raggiungibile facilmente mediante le direttrici:<\/p>\n<ul>\n<li>Statale SS 16 (Tangenziale di Bari) prendi l\u2019uscita 4 Via Napoli, direzione Bari Fiera Del Levante.<\/li>\n<li>Autostrada A14 uscita Bari-Nord, una volta usciti prendere direzione Tangenziale Bari uscita n. 4 Fiera-Porto<\/li>\n<\/ul>\n<p><strong>Bus<\/strong>: La citt\u00e0 \u00e8 servita dai maggiori vettori nazionali, anche low cost, tra cui <a href=\"https:\/\/www.flixbus.it\/\" target=\"_blank\" rel=\"noopener noreferrer\">FlixBus<\/a> \u2013 <a href=\"https:\/\/www.marozzivt.it\/home\" target=\"_blank\" rel=\"noopener noreferrer\">Marozzi<\/a> \u2013 <a href=\"http:\/\/www.marinobus.it\/\" target=\"_blank\" rel=\"noopener noreferrer\">Marino<\/a> \u2013 <a href=\"http:\/\/www.baltour.it\/\" target=\"_blank\" rel=\"noopener noreferrer\">Autolinee Baltour<\/a>.<\/p>\n<h2>Strutture Convenzionate<\/h2>\n<p>A breve saranno pubblicate le strutture convenzionate.<\/p>\n<div lang=\"en\">\n<h2 id=\"en-divider\">English<\/h2>\n<p>Here you will find all the informations regarding the logistics of the WordCamp Bari 2019!<\/p>\n<h2>Where<\/h2>\n<p>The 2019\u2019s edition of the WordCamp Bari will be hosted by the urban laboratory <a href=\"https:\/\/www.officinadegliesordi.it\/\"><strong>Officina degli Esordi<\/strong><\/a> in Bari, the place is equipped with high speed connectivity and the wide areas will grant a simple and functional event, with all necessary comforts.<\/p>\n<p><img loading=\"lazy\" decoding=\"async\" class=\"aligncenter wp-image-401 size-full\" src=\"https:\/\/2019.bari.wordcamp.org\/files\/2019\/02\/officina-degli-esordi.jpg\" alt=\"\" width=\"800\" height=\"177\" srcset=\"https:\/\/bari.wordcamp.org\/2019\/files\/2019\/02\/officina-degli-esordi.jpg 800w, https:\/\/bari.wordcamp.org\/2019\/files\/2019\/02\/officina-degli-esordi-300x66.jpg 300w, https:\/\/bari.wordcamp.org\/2019\/files\/2019\/02\/officina-degli-esordi-768x170.jpg 768w, https:\/\/bari.wordcamp.org\/2019\/files\/2019\/02\/officina-degli-esordi-500x111.jpg 500w\" sizes=\"auto, (max-width: 800px) 100vw, 800px\" \/><\/p>\n<p>Officina degli Esordi is located in via Crispi 5, Bari<\/p>\n<div class=\"googlemaps\"><div class=\"googlemaps\">\n\t\t\t\t<iframe loading=\"lazy\" width=\"100\" height=\"450\" frameborder=\"0\" scrolling=\"no\" marginheight=\"0\" marginwidth=\"0\"  src=\"https:\/\/www.google.com\/maps\/embed?pb=!1m14!1m8!1m3!1d12021.693459522541!2d16.860187!3d41.125283!3m2!1i1024!2i768!4f13.1!3m3!1m2!1s0x0:0x2b6b9c29803ba9e3!2sOfficina%20degli%20Esordi!5e0!3m2!1sit!2sit!4v1549305351808\"><\/iframe>\n\t\t\t<\/div><\/div>\n<h2>How<\/h2>\n<p>The event will take place in two days.<\/p>\n<p>On <strong>Friday the 17th May<\/strong> we will host the <strong>Contributor Day<\/strong>, starting at <strong>09:30 a.m.<\/strong> and that will endure up to the fist hours of afternoon.<\/p>\n<p>The <strong>WordCamp<\/strong> will take place the day after, <strong>Saturday the 18th May<\/strong>. Registration of the attendees will start at <strong>08:30 a.m.<\/strong>, with the conference starting up at <strong>09:30 a.m.<\/strong><\/p>\n<p>The evening of <strong>May the 18<sup>th<\/sup><\/strong>, starting at <strong>20:00 p.m.<\/strong>, we will start the <strong>After Party<\/strong>!<br \/>\nWe will communicate the location shortly.<br \/>\nThe After Party is a great way to make networking, know each other and continue to enjoy. So don\u2019t leave immediately after the conference, you\u2019ll miss something to remember <img decoding=\"async\" class=\"emoji\" src=\"https:\/\/s.w.org\/images\/core\/emoji\/11\/svg\/1f609.svg\" alt=\"\ud83d\ude09\" \/><\/p>\n<h2>Moving in Bari<\/h2>\n<p>To reach the location of the WordCamp Bari \u2013 along with your car or a taxi \u2013 you can use the bus lines provided by da Amtab Bari, starting terminal is located in Piazza Aldo Moro, in front of the main train station of Trenitalia\/Ferrovie dello Stato.<\/p>\n<\/div>\n<div class=\"googlemaps\">\n\t\t\t\t<iframe loading=\"lazy\" width=\"100\" height=\"450\" frameborder=\"0\" scrolling=\"no\" marginheight=\"0\" marginwidth=\"0\"  src=\"https:\/\/www.google.com\/maps\/embed?pb=!1m24!1m12!1m3!1d6011.113618357417!2d16.86296014159515!3d41.1223692703722!2m3!1f0!2f0!3f0!3m2!1i1024!2i768!4f13.1!4m9!3e2!4m3!3m2!1d41.1183236!2d16.8693025!4m3!3m2!1d41.1251488!2d16.8602022!5e0!3m2!1sit!2sit!4v1551209313098\"><\/iframe>\n\t\t\t<\/div>\n<div lang=\"en\">\n<h2>How-To get reach Bari<\/h2>\n<p><strong>Plane<\/strong>: Bari\u2019s \u201cKarol Wojtyla\u201d Airport is located just over 10 km from the city center and is served by both national companies and low cost ones.<br \/>\nThe airport is connected to the city center by the following:<\/p>\n<ul>\n<li>Amtab Bus line #16 (travel time ~ 40-45 minutes)<\/li>\n<li>private bus line \u2018Tempesta\u2019 (travel time ~ 25-30 minutes)<\/li>\n<li>train line (plan -1 of the airport) by <a href=\"http:\/\/www.ferrovienordbarese.it\/\" target=\"_blank\" rel=\"noopener noreferrer\">Ferrovie Nord Barese<\/a>, ticket is 5\u20ac per ride, frequent connections (travel time ~ 15 minutes)<\/li>\n<li>Taxi (~25-30 minutes)<\/li>\n<\/ul>\n<p><strong>Train<\/strong>: the main train station by Trenitalia \/ Ferrovie dello Stato is located in the city center, you\u2019ll find there also the terminal of many bus lines along with other train lines provided by local operators Ferrovie Del Sud Est, Ferrotramviaria spa, Ferrovie Appulo Lucane.<\/p>\n<p><strong>Car<\/strong>: Bari is easily reachable by car using two main directions:<\/p>\n<ul>\n<li>Strada Statale SS 16 (Tangenziale di Bari). Then to reach the Exposition Area of the Fiera del Levante you\u2019ll have to choose the exit n\u00b04 Via Napoli, direction Bari Fiera Del Levante.<\/li>\n<li>Autostrada A14 \u2013 exit Bari-Nord, once outside the highway you\u2019ll have to take the direction of the Tangenziale Bari and then exit n\u00b04 Fiera-Porto<\/li>\n<\/ul>\n<p><strong>Bus<\/strong>: The city is served by major national carriers, including low cost companies, including: <a href=\"https:\/\/www.flixbus.it\/\" target=\"_blank\" rel=\"noopener noreferrer\">FlixBus<\/a> \u2013 <a href=\"https:\/\/www.marozzivt.it\/home\" target=\"_blank\" rel=\"noopener noreferrer\">Marozzi<\/a> \u2013 <a href=\"http:\/\/www.marinobus.it\/\" target=\"_blank\" rel=\"noopener noreferrer\">Marino<\/a> \u2013 <a href=\"http:\/\/www.baltour.it\/\" target=\"_blank\" rel=\"noopener noreferrer\">Autolinee Baltour<\/a>.<\/p>\n<h2>Where to sleep<\/h2>\n<p>Soon we&#8217;ll list a series of agreed upon facilities where you can stay at discounted rates.<\/p>\n<\/div>\n","protected":false},"excerpt":{"rendered":"<p>Italian text is followed by English Qui di seguito troverai tutte le informazioni per raggiungere il WordCamp Bari 2019! Dove Il WordCamp Bari 2019 sar\u00e0 ospitato presso il laboratorio urbano della citt\u00e0 di Bari Officina degli Esordi, la struttura \u00e8 attrezzata con Wi-Fi ad alta velocit\u00e0 e gli ampi spazi permetteranno all\u2019evento di svolgersi in [&hellip;]<\/p>\n","protected":false},"author":14463555,"featured_media":411,"parent":0,"menu_order":0,"comment_status":"closed","ping_status":"closed","template":"","meta":{"jetpack_post_was_ever_published":false,"footnotes":""},"class_list":["post-11","page","type-page","status-publish","has-post-thumbnail","hentry"],"jetpack_likes_enabled":true,"jetpack_sharing_enabled":true,"_links":{"self":[{"href":"https:\/\/bari.wordcamp.org\/2019\/wp-json\/wp\/v2\/pages\/11","targetHints":{"allow":["GET"]}}],"collection":[{"href":"https:\/\/bari.wordcamp.org\/2019\/wp-json\/wp\/v2\/pages"}],"about":[{"href":"https:\/\/bari.wordcamp.org\/2019\/wp-json\/wp\/v2\/types\/page"}],"author":[{"embeddable":true,"href":"https:\/\/bari.wordcamp.org\/2019\/wp-json\/wp\/v2\/users\/14463555"}],"replies":[{"embeddable":true,"href":"https:\/\/bari.wordcamp.org\/2019\/wp-json\/wp\/v2\/comments?post=11"}],"version-history":[{"count":11,"href":"https:\/\/bari.wordcamp.org\/2019\/wp-json\/wp\/v2\/pages\/11\/revisions"}],"predecessor-version":[{"id":437,"href":"https:\/\/bari.wordcamp.org\/2019\/wp-json\/wp\/v2\/pages\/11\/revisions\/437"}],"wp:featuredmedia":[{"embeddable":true,"href":"https:\/\/bari.wordcamp.org\/2019\/wp-json\/wp\/v2\/media\/411"}],"wp:attachment":[{"href":"https:\/\/bari.wordcamp.org\/2019\/wp-json\/wp\/v2\/media?parent=11"}],"curies":[{"name":"wp","href":"https:\/\/api.w.org\/{rel}","templated":true}]}}