{"id":12,"date":"2018-12-21T19:05:56","date_gmt":"2018-12-21T19:05:56","guid":{"rendered":"https:\/\/2019.bari.wordcamp.org\/organizers\/"},"modified":"2019-03-06T15:53:19","modified_gmt":"2019-03-06T14:53:19","slug":"organizzatori","status":"publish","type":"page","link":"https:\/\/bari.wordcamp.org\/2019\/organizzatori\/","title":{"rendered":"Organizzatori"},"content":{"rendered":"<p>&nbsp;<\/p>\n<p>&nbsp;<\/p>\n\t<div class=\"wcorg-organizers\">\n\n\t\t\n\t\t\t<div class=\"wcorg-organizer\">\n\t\t\t\t<h2>Francesco Cozzi<\/h2>\n\t\t\t\t<div class=\"wcorg-organizer-description\">\n\t\t\t\t\t\t\t\t\t\t<img alt='' src='https:\/\/secure.gravatar.com\/avatar\/cc638c46e9dc0f4d3e58a0a8a5c8ab50c6e6f58ddd2b4b74f1c22e20819ef1ff?s=100&#038;d=mm&#038;r=g' srcset='https:\/\/secure.gravatar.com\/avatar\/cc638c46e9dc0f4d3e58a0a8a5c8ab50c6e6f58ddd2b4b74f1c22e20819ef1ff?s=200&#038;d=mm&#038;r=g 2x' class='avatar avatar-100 photo' height='100' width='100' \/>\t\t\t\t\t<p><strong>Leader &amp; Budget<\/strong><\/p>\n<p>Uso WordPress per passione dal 2006 e per lavoro dal 2008, credo fortemente nelle condivisioni e nell\u2019interascambio di competenze. Fare comunit\u00e0 \u00e8 uno degli obiettivi principali nei miei progetti, il momento della condivisione visto come crescita per tutti. In questa visione la comunit\u00e0 WordPress rappresenta un virtuoso esempio che sta arricchendo molto le mie competenze ed esperienze.<\/p>\n\t\t\t\t<\/div>\n\t\t\t<\/div>\n\n\t\t\n\t\t\t<div class=\"wcorg-organizer\">\n\t\t\t\t<h2>Maria Laura Scarnera<\/h2>\n\t\t\t\t<div class=\"wcorg-organizer-description\">\n\t\t\t\t\t\t\t\t\t\t<img alt='' src='https:\/\/secure.gravatar.com\/avatar\/d40df8c0a1d38c981f9c2b83a76e899b96d1aa58ee2b5ed70d92ec7d3465970c?s=100&#038;d=mm&#038;r=g' srcset='https:\/\/secure.gravatar.com\/avatar\/d40df8c0a1d38c981f9c2b83a76e899b96d1aa58ee2b5ed70d92ec7d3465970c?s=200&#038;d=mm&#038;r=g 2x' class='avatar avatar-100 photo' height='100' width='100' \/>\t\t\t\t\t<p><strong>co-Leader &amp; Comunicazione Interna<\/strong><\/p>\n<p>Vivo a Bari e mi occupo di web design e sviluppo contenuti. Dopo la laurea specialistica in Scienze dell\u2019informazione e sistemi editoriali ho studiato e sperimentato gli aspetti pi\u00f9 tecnici della comunicazione online con un Master in web design ed e-commerce a Roma.<br \/>\nNel 2018 ho avviato la mia attivit\u00e0 per aiutare professionisti e aziende a comunicare online senza paura.<\/p>\n<p>All&#8217;interno della community italiana sono organizer del WordCamp Bari e del WordPress Meetup Bari.<\/p>\n<p>HTML, CSS, WordPress e Analytics sono i miei strumenti di lavoro. Credo nella forza delle cose fatte bene, usando \u201cTesta, mani e cuore\u201d e nella responsabilit\u00e0 che ognuno di noi ha di comunicare valore e condividere bellezza.<\/p>\n\t\t\t\t<\/div>\n\t\t\t<\/div>\n\n\t\t\n\t\t\t<div class=\"wcorg-organizer\">\n\t\t\t\t<h2>Francesco Di Candia<\/h2>\n\t\t\t\t<div class=\"wcorg-organizer-description\">\n\t\t\t\t\t\t\t\t\t\t<img alt='' src='https:\/\/secure.gravatar.com\/avatar\/49b8203edd2977aa566ea3f79db2b9e0666fbd51887206c1be80fa690da0b776?s=100&#038;d=mm&#038;r=g' srcset='https:\/\/secure.gravatar.com\/avatar\/49b8203edd2977aa566ea3f79db2b9e0666fbd51887206c1be80fa690da0b776?s=200&#038;d=mm&#038;r=g 2x' class='avatar avatar-100 photo' height='100' width='100' \/>\t\t\t\t\t<p><strong>co-Leader &amp; Speakers<\/strong><\/p>\n<p>Ho iniziato a lavorare con WordPress dal 2010 e mi sono innamorato della sua splendida community grazie ai WordCamp Europe a Sofia ed a Siviglia ai quali ho partecipato come volontario.<\/p>\n<p>Attualmente sono uno degli organizzatori del Barletta WordPress MeetUp, del Puglia WooCommerce MeetUp e sono contentissimo di essere uno degli organizzatori del WordCamp Europe del 2018 a Belgrado.<\/p>\n<p>Mi appassiona la politica ed ho vinto, da responsabile della comunicazione, una campagna elettorale da Sindaco di Barletta e due da Consigliere Regionale della Regione Puglia.<\/p>\n\t\t\t\t<\/div>\n\t\t\t<\/div>\n\n\t\t\n\t\t\t<div class=\"wcorg-organizer\">\n\t\t\t\t<h2>Mina Allegretta<\/h2>\n\t\t\t\t<div class=\"wcorg-organizer-description\">\n\t\t\t\t\t\t\t\t\t\t<img alt='' src='https:\/\/secure.gravatar.com\/avatar\/ff6f1ed3970c2caacaed2c778a4418ced362a5a4497b3a9746fb6a670bd24426?s=100&#038;d=mm&#038;r=g' srcset='https:\/\/secure.gravatar.com\/avatar\/ff6f1ed3970c2caacaed2c778a4418ced362a5a4497b3a9746fb6a670bd24426?s=200&#038;d=mm&#038;r=g 2x' class='avatar avatar-100 photo' height='100' width='100' \/>\t\t\t\t\t<p><strong>Volunteers<\/strong><\/p>\n<p>Faccio parte della community di WordPress da quasi 3 anni e da allora non riesco a farne a meno! GTE da meno di un anno, partecipo perlopi\u00f9 al gruppo di traduzione (polyglots) e ho recentemente contribuito al progetto\u00a0BulkRejectGP<br \/>\nStudio Ingegneria Informatica e mi piace scoprire strumenti nuovi!<\/p>\n\t\t\t\t<\/div>\n\t\t\t<\/div>\n\n\t\t\n\t\t\t<div class=\"wcorg-organizer\">\n\t\t\t\t<h2>Nicola Losito<\/h2>\n\t\t\t\t<div class=\"wcorg-organizer-description\">\n\t\t\t\t\t\t\t\t\t\t<img alt='' src='https:\/\/secure.gravatar.com\/avatar\/aa662724626eb1fe69d8efbc8da138816a7c75938cc77ecbed5dd7c067b31e9b?s=100&#038;d=mm&#038;r=g' srcset='https:\/\/secure.gravatar.com\/avatar\/aa662724626eb1fe69d8efbc8da138816a7c75938cc77ecbed5dd7c067b31e9b?s=200&#038;d=mm&#038;r=g 2x' class='avatar avatar-100 photo' height='100' width='100' \/>\t\t\t\t\t<p><strong>Team Venue Logistic &amp; Food<\/strong><\/p>\n<p>Amministratore di sistemi informatici ed ex consulente ITC, <em>surfo<\/em> sul web dal 1997. Nel febbraio 2003 ho aperto il mio primo blog, uso\u00a0WordPress (.org) dal settembre 2004 e WordPress.com dal Gennaio 2006.<\/p>\n<p>Co-fondatore del sito Usare.WordPress.com e attivo nel team Polyglots, nel 2016 ho cominciato a partecipare pi\u00f9 attivamente nella Comunit\u00e0 Italiana di WordPress diventando co-organizzatore e co-fondatore del gruppo\u00a0<a href=\"https:\/\/www.meetup.com\/it-IT\/WordPress-Meetup-Bari\/\" target=\"_blank\" rel=\"noopener\">meetup WordPress Bari<\/a>\u00a0e co-organizzatore del gruppo\u00a0<a href=\"https:\/\/www.meetup.com\/it-IT\/Puglia-WooCommerce-Meetup\" target=\"_blank\" rel=\"noopener\">Puglia WooCommerce meetup<\/a>\u00a0, patrocinando la nascita di altri gruppi pugliesi e organizzando l&#8217;edizione 2018 e l&#8217;edizione 2019 del WordCamp Bari.<\/p>\n\t\t\t\t<\/div>\n\t\t\t<\/div>\n\n\t\t\n\t\t\t<div class=\"wcorg-organizer\">\n\t\t\t\t<h2>Rita De Molfetta<\/h2>\n\t\t\t\t<div class=\"wcorg-organizer-description\">\n\t\t\t\t\t\t\t\t\t\t<img alt='' src='https:\/\/secure.gravatar.com\/avatar\/6099cc8ec934dcf1cc33eda242b47e4ad36bc4f42df9c9a2b161ebeadffd1058?s=100&#038;d=mm&#038;r=g' srcset='https:\/\/secure.gravatar.com\/avatar\/6099cc8ec934dcf1cc33eda242b47e4ad36bc4f42df9c9a2b161ebeadffd1058?s=200&#038;d=mm&#038;r=g 2x' class='avatar avatar-100 photo' height='100' width='100' \/>\t\t\t\t\t<p><strong>Team Comunicazione Social<\/strong><\/p>\n<p><i>Svolgere una professione significa fare <\/i><i>qualcosa per vivere e non fare qualcosa per rovinarsi la vita con ansie e preoccupazioni <\/i><i>in nome di un lavoro e di una perfezione stabilita da altri.<\/i><\/p>\n<p>Vivo ad Alberobello. Sono una libera professionista e mi occupo di sviluppo web.<\/p>\n<p>Sono laureata in Ingegneria Biomedica all&#8217;Universit\u00e0 degli Studi di Pavia indirizzo Bioinformatico.<\/p>\n<p>Durante i miei studi, ho iniziato, per curiosit\u00e0, a <em>giocare<\/em> con WordPress. Oggi, ho fatto di WordPress la mia passione ed il mio lavoro.<\/p>\n<p>Per me <strong>WordCamp Bari \u00e8\u00a0<em>the \u201cplace\u201d to be<\/em>, esperienze che ti riempiono l\u2019anima!<\/strong><\/p>\n<p>&nbsp;<\/p>\n\t\t\t\t<\/div>\n\t\t\t<\/div>\n\n\t\t\n\t\t\t<div class=\"wcorg-organizer\">\n\t\t\t\t<h2>Marco De Sangro<\/h2>\n\t\t\t\t<div class=\"wcorg-organizer-description\">\n\t\t\t\t\t\t\t\t\t\t<img alt='' src='https:\/\/secure.gravatar.com\/avatar\/9d6f3917dd81e20c6a834f143011633a07d8747365d5cb1ed744300b40e8604f?s=100&#038;d=mm&#038;r=g' srcset='https:\/\/secure.gravatar.com\/avatar\/9d6f3917dd81e20c6a834f143011633a07d8747365d5cb1ed744300b40e8604f?s=200&#038;d=mm&#038;r=g 2x' class='avatar avatar-100 photo' height='100' width='100' \/>\t\t\t\t\t<p><strong>Team Sito web<\/strong><\/p>\n<p>Ossessionato fin da piccolo da tutto ci\u00f2 che mi circonda, dal moto dei pianeti ai piccoli mattoncini colorati della Lego.<br \/>\nDopo gli studi in Ingegneria studio design e comunicazione collaborando con alcune importanti aziende pugliesi e milanesi. Dopo anni nello studio del graphic design mi sposto sulla User Experience con approfondimenti sulle interazioni uomo-macchina al fine di diminuire i tempi di risoluzione dei task sui siti web. Nello stesso periodo studio la programmazione diventando un esperto contributore della piattaforma WordPress e Magento e oggi applico le mie conoscenze all\u2019e-commerce.<\/p>\n<p>Innamorato di WordPress dal 2010, organizzo il <a href=\"https:\/\/www.wplecce.it\/\"><strong>WordPress Meetup a Lecce<\/strong><\/a>.<\/p>\n\t\t\t\t<\/div>\n\t\t\t<\/div>\n\n\t\t\n\t\t\t<div class=\"wcorg-organizer\">\n\t\t\t\t<h2>Antonio Trifir\u00f2<\/h2>\n\t\t\t\t<div class=\"wcorg-organizer-description\">\n\t\t\t\t\t\t\t\t\t\t<img alt='' src='https:\/\/secure.gravatar.com\/avatar\/66cadba30ee6b5a3eca86179514d6cda4818ad85a39594b1ec54c95d9ddcfebc?s=100&#038;d=mm&#038;r=g' srcset='https:\/\/secure.gravatar.com\/avatar\/66cadba30ee6b5a3eca86179514d6cda4818ad85a39594b1ec54c95d9ddcfebc?s=200&#038;d=mm&#038;r=g 2x' class='avatar avatar-100 photo' height='100' width='100' \/>\t\t\t\t\t<p><strong>Team Grafica<\/strong><\/p>\n<p>WordPress developer fuori, batterista dentro. Costruttore di siti web per diletto dai tempi del liceo, da circa 7 anni mi occupo professionalmente di grafica e di progettazione, design e sviluppo di siti web e interfacce digitali.<\/p>\n<p>WordPressiano dal 2012, al WordCamp Torino 2016 sono rimasto folgorato dalla bellezza di questa community.<\/p>\n\t\t\t\t<\/div>\n\t\t\t<\/div>\n\n\t\t\n\t\t\t<div class=\"wcorg-organizer\">\n\t\t\t\t<h2>Michele Conversano<\/h2>\n\t\t\t\t<div class=\"wcorg-organizer-description\">\n\t\t\t\t\t\t\t\t\t\t<img alt='' src='https:\/\/secure.gravatar.com\/avatar\/fd433d356159debc1529e36716b554ffb1d56e145ccdf761e52fa85eb883f708?s=100&#038;d=mm&#038;r=g' srcset='https:\/\/secure.gravatar.com\/avatar\/fd433d356159debc1529e36716b554ffb1d56e145ccdf761e52fa85eb883f708?s=200&#038;d=mm&#038;r=g 2x' class='avatar avatar-100 photo' height='100' width='100' \/>\t\t\t\t\t<p><strong>Team Sponsor<\/strong><\/p>\n<p>Sin da bambino ho sempre amato il mondo IT e non l\u2019ho mai abbandonato.<br \/>\nAttualmente mi occupo di creazione e gestione di Web Strategy, portali aziendali, blog personali, e-commerce, SEO strategy e Social Media Content. In poche parole: creo web identity.<br \/>\nSono sempre alla ricerca di un qualcosa che mi consenta di crescere personalmente e professionalmente, non smetto mai di aggiornare le mie skills.<br \/>\nSono un WordPress Lover.\u00a0<a href=\"http:\/\/wpandria.it\/\">WordPress Meetup Andria<\/a>\u00a0Co-Organizer.<\/p>\n\t\t\t\t<\/div>\n\t\t\t<\/div>\n\n\t\t\n\t\t\t<div class=\"wcorg-organizer\">\n\t\t\t\t<h2>Stefano Tondi<\/h2>\n\t\t\t\t<div class=\"wcorg-organizer-description\">\n\t\t\t\t\t\t\t\t\t\t<img alt='' src='https:\/\/secure.gravatar.com\/avatar\/2ee7f1963930c19f8e0da32099179ed346ffc37c03146e328172ba543ea9fdac?s=100&#038;d=mm&#038;r=g' srcset='https:\/\/secure.gravatar.com\/avatar\/2ee7f1963930c19f8e0da32099179ed346ffc37c03146e328172ba543ea9fdac?s=200&#038;d=mm&#038;r=g 2x' class='avatar avatar-100 photo' height='100' width='100' \/>\t\t\t\t\t<p><strong>Team Content<\/strong><\/p>\n<p>Affascinato sin da piccolo da tutto ci\u00f2 che \u00e8 legato alla tecnologia, ho affrontato per studio, lavoro, ma soprattutto curiosit\u00e0 personale, sia la progettazione elettronica che la programmazione software partendo dai microcontrollori per arrivare alla programmazione web.<br \/>\nAttualmente come freelance mi occupo di sviluppo web, SEO e strategie marketing, e per questo mi piace definirmi un artigiano del web.<br \/>\nNel mondo WordPress ho trovato il mio habitat naturale in cui accrescere le mie conoscenze, ma soprattutto ho incontrato una comunit\u00e0 di veri appassionati ed amici, che permettono la sua continua innovazione.<br \/>\nIn giro puoi incontrarmi come @webmas2c<\/p>\n\t\t\t\t<\/div>\n\t\t\t<\/div>\n\n\t\t\n\t<\/div><!-- .wcorg-organizers -->\n\t\n","protected":false},"excerpt":{"rendered":"<p>&nbsp; &nbsp;<\/p>\n","protected":false},"author":14463555,"featured_media":520,"parent":0,"menu_order":0,"comment_status":"closed","ping_status":"closed","template":"","meta":{"jetpack_post_was_ever_published":false,"footnotes":""},"class_list":["post-12","page","type-page","status-publish","has-post-thumbnail","hentry"],"jetpack_likes_enabled":true,"jetpack_sharing_enabled":true,"_links":{"self":[{"href":"https:\/\/bari.wordcamp.org\/2019\/wp-json\/wp\/v2\/pages\/12","targetHints":{"allow":["GET"]}}],"collection":[{"href":"https:\/\/bari.wordcamp.org\/2019\/wp-json\/wp\/v2\/pages"}],"about":[{"href":"https:\/\/bari.wordcamp.org\/2019\/wp-json\/wp\/v2\/types\/page"}],"author":[{"embeddable":true,"href":"https:\/\/bari.wordcamp.org\/2019\/wp-json\/wp\/v2\/users\/14463555"}],"replies":[{"embeddable":true,"href":"https:\/\/bari.wordcamp.org\/2019\/wp-json\/wp\/v2\/comments?post=12"}],"version-history":[{"count":3,"href":"https:\/\/bari.wordcamp.org\/2019\/wp-json\/wp\/v2\/pages\/12\/revisions"}],"predecessor-version":[{"id":250,"href":"https:\/\/bari.wordcamp.org\/2019\/wp-json\/wp\/v2\/pages\/12\/revisions\/250"}],"wp:featuredmedia":[{"embeddable":true,"href":"https:\/\/bari.wordcamp.org\/2019\/wp-json\/wp\/v2\/media\/520"}],"wp:attachment":[{"href":"https:\/\/bari.wordcamp.org\/2019\/wp-json\/wp\/v2\/media?parent=12"}],"curies":[{"name":"wp","href":"https:\/\/api.w.org\/{rel}","templated":true}]}}