{"id":7,"date":"2018-12-21T19:05:56","date_gmt":"2018-12-21T19:05:56","guid":{"rendered":"https:\/\/2019.bari.wordcamp.org\/schedule\/"},"modified":"2019-05-03T15:20:32","modified_gmt":"2019-05-03T13:20:32","slug":"schedule","status":"publish","type":"page","link":"https:\/\/bari.wordcamp.org\/2019\/schedule\/","title":{"rendered":"Programma"},"content":{"rendered":"\n<figure class=\"wp-block-image\"><img loading=\"lazy\" decoding=\"async\" width=\"800\" height=\"400\" src=\"https:\/\/2019.bari.wordcamp.org\/files\/2019\/05\/post-cover_PROGRAMMA.jpg\" alt=\"\" class=\"wp-image-1161\" srcset=\"https:\/\/bari.wordcamp.org\/2019\/files\/2019\/05\/post-cover_PROGRAMMA.jpg 800w, https:\/\/bari.wordcamp.org\/2019\/files\/2019\/05\/post-cover_PROGRAMMA-300x150.jpg 300w, https:\/\/bari.wordcamp.org\/2019\/files\/2019\/05\/post-cover_PROGRAMMA-768x384.jpg 768w, https:\/\/bari.wordcamp.org\/2019\/files\/2019\/05\/post-cover_PROGRAMMA-500x250.jpg 500w\" sizes=\"auto, (max-width: 800px) 100vw, 800px\" \/><\/figure>\n\n\n<h1>Sabato, 18 Maggio<\/h1>\n<table class=\"wcpt-schedule\" border=\"0\"><thead><tr><th class=\"wcpt-col-time\">Orario<\/th><th class=\"wcpt-col-track\"> <span class=\"wcpt-track-name\">Sala Eventi - Area Scott-Heron<\/span> <span class=\"wcpt-track-description\"><\/span> <\/th><th class=\"wcpt-col-track\"> <span class=\"wcpt-track-name\">Sala Workshop - Area Montessori<\/span> <span class=\"wcpt-track-description\"><\/span> <\/th><\/tr><\/thead><tbody><tr class=\"wcpt-time-0830 global-session registrazione\"><td class=\"wcpt-time\">08:30<\/td><td colspan=\"2\" class=\"wcb-track-area-g-scott-heron wcb-track-area-m-montessori wcpt-session-type-custom wcb-session-registrazione\" data-track-title=\"Sala Eventi - Area Scott-Heron, Sala Workshop - Area Montessori\" data-session-id=\"1087\"><div class=\"wcb-session-cell-content\"><span class=\"wcpt-session-title\">Registrazione<\/span><\/div><\/td><\/tr><tr class=\"wcpt-time-0900 global-session opening-remarks\"><td class=\"wcpt-time\">09:00<\/td><td colspan=\"2\" class=\"wcb-track-area-g-scott-heron wcb-track-area-m-montessori wcpt-session-type-custom wcb-session-opening-remarks\" data-track-title=\"Sala Eventi - Area Scott-Heron, Sala Workshop - Area Montessori\" data-session-id=\"1089\"><div class=\"wcb-session-cell-content\"><span class=\"wcpt-session-title\">Opening remarks<\/span><\/div><\/td><\/tr><tr class=\"wcpt-time-1000\"><td class=\"wcpt-time\">10:00<\/td><td colspan=\"1\" class=\"wcb-speaker-dennis-ploetner wcb-track-area-g-scott-heron wcpt-session-type-session wcb-session-going-fifty\" data-track-title=\"Sala Eventi - Area Scott-Heron\" data-session-id=\"1043\"><div class=\"wcb-session-cell-content\"><a class=\"wcpt-session-title\" href=\"https:\/\/bari.wordcamp.org\/2019\/session\/going-fifty\/\">Going fifty<\/a> <span class=\"wcpt-session-speakers\">Dennis Ploetner<\/span><\/div><div class=\"wcb-session-favourite-icon\"><a href=\"#\" role=\"button\" class=\"fav-session-button\" aria-pressed=\"false\"><span class=\"screen-reader-text\">Sessioni preferite: Going fifty<\/span><span class=\"dashicons dashicons-star-filled\"><\/span><\/a><\/div><\/td><td colspan=\"1\" class=\"wcb-speaker-giuseppe-mazzapica wcb-track-area-m-montessori wcpt-session-type-session wcb-session-chi-ha-paura-delle-monadi\" data-track-title=\"Sala Workshop - Area Montessori\" data-session-id=\"1053\"><div class=\"wcb-session-cell-content\"><a class=\"wcpt-session-title\" href=\"https:\/\/bari.wordcamp.org\/2019\/session\/chi-ha-paura-delle-monadi\/\">Chi ha paura delle monadi<\/a> <span class=\"wcpt-session-speakers\">Giuseppe Mazzapica<\/span><\/div><div class=\"wcb-session-favourite-icon\"><a href=\"#\" role=\"button\" class=\"fav-session-button\" aria-pressed=\"false\"><span class=\"screen-reader-text\">Sessioni preferite: Chi ha paura delle monadi<\/span><span class=\"dashicons dashicons-star-filled\"><\/span><\/a><\/div><\/td><\/tr><tr class=\"wcpt-time-1030\"><td class=\"wcpt-time\">10:30<\/td><td colspan=\"1\" class=\"wcb-speaker-margherita-pelonara wcb-track-area-g-scott-heron wcpt-session-type-session wcb-session-perche-amare-gutenberg\" data-track-title=\"Sala Eventi - Area Scott-Heron\" data-session-id=\"1023\"><div class=\"wcb-session-cell-content\"><a class=\"wcpt-session-title\" href=\"https:\/\/bari.wordcamp.org\/2019\/session\/perche-amare-gutenberg\/\">Perch\u00e9 amare Gutenberg<\/a> <span class=\"wcpt-session-speakers\">Margherita Pelonara<\/span><\/div><div class=\"wcb-session-favourite-icon\"><a href=\"#\" role=\"button\" class=\"fav-session-button\" aria-pressed=\"false\"><span class=\"screen-reader-text\">Sessioni preferite: Perch\u00e9 amare Gutenberg<\/span><span class=\"dashicons dashicons-star-filled\"><\/span><\/a><\/div><\/td><td colspan=\"1\" class=\"wcb-speaker-sjardo-janssen wcb-track-area-m-montessori wcpt-session-type-session wcb-session-how-i-taught-myself-front-end-development\" data-track-title=\"Sala Workshop - Area Montessori\" data-session-id=\"1047\"><div class=\"wcb-session-cell-content\"><a class=\"wcpt-session-title\" href=\"https:\/\/bari.wordcamp.org\/2019\/session\/how-i-taught-myself-front-end-development\/\">How I taught myself front-end development<\/a> <span class=\"wcpt-session-speakers\">Sjardo Janssen<\/span><\/div><div class=\"wcb-session-favourite-icon\"><a href=\"#\" role=\"button\" class=\"fav-session-button\" aria-pressed=\"false\"><span class=\"screen-reader-text\">Sessioni preferite: How I taught myself front-end development<\/span><span class=\"dashicons dashicons-star-filled\"><\/span><\/a><\/div><\/td><\/tr><tr class=\"wcpt-time-1100\"><td class=\"wcpt-time\">11:00<\/td><td colspan=\"1\" class=\"wcb-speaker-dino-amenduni wcb-track-area-g-scott-heron wcpt-session-type-session wcb-session-perche-i-politici-hanno-ancora-bisogno-di-un-sito-personale\" data-track-title=\"Sala Eventi - Area Scott-Heron\" data-session-id=\"1059\"><div class=\"wcb-session-cell-content\"><a class=\"wcpt-session-title\" href=\"https:\/\/bari.wordcamp.org\/2019\/session\/perche-i-politici-hanno-ancora-bisogno-di-un-sito-personale\/\">Perch\u00e9 i politici hanno (ancora) bisogno di un sito personale<\/a> <span class=\"wcpt-session-speakers\">Dino Amenduni<\/span><\/div><div class=\"wcb-session-favourite-icon\"><a href=\"#\" role=\"button\" class=\"fav-session-button\" aria-pressed=\"false\"><span class=\"screen-reader-text\">Sessioni preferite: Perch\u00e9 i politici hanno (ancora) bisogno di un sito personale<\/span><span class=\"dashicons dashicons-star-filled\"><\/span><\/a><\/div><\/td><td colspan=\"1\" class=\"wcb-speaker-daniele-scasciafratte wcb-track-area-m-montessori wcpt-session-type-session wcb-session-what-you-can-do-with-wp-cli\" data-track-title=\"Sala Workshop - Area Montessori\" data-session-id=\"1027\"><div class=\"wcb-session-cell-content\"><a class=\"wcpt-session-title\" href=\"https:\/\/bari.wordcamp.org\/2019\/session\/what-you-can-do-with-wp-cli\/\">What you can do with WP-CLI<\/a> <span class=\"wcpt-session-speakers\">Daniele Scasciafratte<\/span><\/div><div class=\"wcb-session-favourite-icon\"><a href=\"#\" role=\"button\" class=\"fav-session-button\" aria-pressed=\"false\"><span class=\"screen-reader-text\">Sessioni preferite: What you can do with WP-CLI<\/span><span class=\"dashicons dashicons-star-filled\"><\/span><\/a><\/div><\/td><\/tr><tr class=\"wcpt-time-1130 global-session short-break\"><td class=\"wcpt-time\">11:30<\/td><td colspan=\"2\" class=\"wcb-track-area-g-scott-heron wcb-track-area-m-montessori wcpt-session-type-custom wcb-session-short-break\" data-track-title=\"Sala Eventi - Area Scott-Heron, Sala Workshop - Area Montessori\" data-session-id=\"1091\"><div class=\"wcb-session-cell-content\"><span class=\"wcpt-session-title\">Short Break<\/span><\/div><\/td><\/tr><tr class=\"wcpt-time-1200\"><td class=\"wcpt-time\">12:00<\/td><td colspan=\"1\" class=\"wcb-speaker-alice-orru wcb-track-area-g-scott-heron wcpt-session-type-session wcb-session-chiedere-a-pagespeed-se-il-tuo-sito-e-veloce-non-e-una-buona-idea-ecco-perche\" data-track-title=\"Sala Eventi - Area Scott-Heron\" data-session-id=\"1037\"><div class=\"wcb-session-cell-content\"><a class=\"wcpt-session-title\" href=\"https:\/\/bari.wordcamp.org\/2019\/session\/chiedere-a-pagespeed-se-il-tuo-sito-e-veloce-non-e-una-buona-idea-ecco-perche\/\">Chiedere a PageSpeed se il tuo sito \u00e8 veloce NON \u00e8 una buona idea: ecco perch\u00e8<\/a> <span class=\"wcpt-session-speakers\">Alice Orr\u00f9<\/span><\/div><div class=\"wcb-session-favourite-icon\"><a href=\"#\" role=\"button\" class=\"fav-session-button\" aria-pressed=\"false\"><span class=\"screen-reader-text\">Sessioni preferite: Chiedere a PageSpeed se il tuo sito \u00e8 veloce NON \u00e8 una buona idea: ecco perch\u00e8<\/span><span class=\"dashicons dashicons-star-filled\"><\/span><\/a><\/div><\/td><td colspan=\"1\" class=\"wcb-speaker-andrea-fiadone wcb-track-area-m-montessori wcpt-session-type-session wcb-session-wordrobe-uno-strumento-e-un-approccio-avanzato-per-lo-sviluppo-di-temi-wordpress\" data-track-title=\"Sala Workshop - Area Montessori\" data-session-id=\"1033\"><div class=\"wcb-session-cell-content\"><a class=\"wcpt-session-title\" href=\"https:\/\/bari.wordcamp.org\/2019\/session\/wordrobe-uno-strumento-e-un-approccio-avanzato-per-lo-sviluppo-di-temi-wordpress\/\">Wordrobe: uno strumento e un approccio avanzato per lo sviluppo di temi WordPress<\/a> <span class=\"wcpt-session-speakers\">Andrea Fiadone<\/span><\/div><div class=\"wcb-session-favourite-icon\"><a href=\"#\" role=\"button\" class=\"fav-session-button\" aria-pressed=\"false\"><span class=\"screen-reader-text\">Sessioni preferite: Wordrobe: uno strumento e un approccio avanzato per lo sviluppo di temi WordPress<\/span><span class=\"dashicons dashicons-star-filled\"><\/span><\/a><\/div><\/td><\/tr><tr class=\"wcpt-time-1230\"><td class=\"wcpt-time\">12:30<\/td><td colspan=\"1\" class=\"wcb-speaker-antonio-moschetta wcb-track-area-g-scott-heron wcpt-session-type-session wcb-session-8-errori-da-non-fare-su-un-ecommerce\" data-track-title=\"Sala Eventi - Area Scott-Heron\" data-session-id=\"1045\"><div class=\"wcb-session-cell-content\"><a class=\"wcpt-session-title\" href=\"https:\/\/bari.wordcamp.org\/2019\/session\/8-errori-da-non-fare-su-un-ecommerce\/\">8 errori da non fare su un eCommerce<\/a> <span class=\"wcpt-session-speakers\">Antonio Moschetta<\/span><\/div><div class=\"wcb-session-favourite-icon\"><a href=\"#\" role=\"button\" class=\"fav-session-button\" aria-pressed=\"false\"><span class=\"screen-reader-text\">Sessioni preferite: 8 errori da non fare su un eCommerce<\/span><span class=\"dashicons dashicons-star-filled\"><\/span><\/a><\/div><\/td><td colspan=\"1\" class=\"wcb-speaker-marco-chiesi wcb-track-area-m-montessori wcpt-session-type-session wcb-session-grunt-automazione-per-sviluppatori-pigri\" data-track-title=\"Sala Workshop - Area Montessori\" data-session-id=\"1029\"><div class=\"wcb-session-cell-content\"><a class=\"wcpt-session-title\" href=\"https:\/\/bari.wordcamp.org\/2019\/session\/grunt-automazione-per-sviluppatori-pigri\/\">Grunt: automazione per sviluppatori &#8220;pigri&#8221;<\/a> <span class=\"wcpt-session-speakers\">Marco Chiesi<\/span><\/div><div class=\"wcb-session-favourite-icon\"><a href=\"#\" role=\"button\" class=\"fav-session-button\" aria-pressed=\"false\"><span class=\"screen-reader-text\">Sessioni preferite: Grunt: automazione per sviluppatori &#8220;pigri&#8221;<\/span><span class=\"dashicons dashicons-star-filled\"><\/span><\/a><\/div><\/td><\/tr><tr class=\"wcpt-time-1300\"><td class=\"wcpt-time\">13:00<\/td><td colspan=\"1\" class=\"wcb-speaker-francesco-grasso wcb-track-area-g-scott-heron wcpt-session-type-session wcb-session-landing-page-performanti-e-wp-hai-davvero-bisogno-di-quel-visual-composer\" data-track-title=\"Sala Eventi - Area Scott-Heron\" data-session-id=\"1035\"><div class=\"wcb-session-cell-content\"><a class=\"wcpt-session-title\" href=\"https:\/\/bari.wordcamp.org\/2019\/session\/landing-page-performanti-e-wp-hai-davvero-bisogno-di-quel-visual-composer\/\">Landing page performanti e WP. Hai davvero bisogno di quel visual composer?<\/a> <span class=\"wcpt-session-speakers\">Francesco Grasso<\/span><\/div><div class=\"wcb-session-favourite-icon\"><a href=\"#\" role=\"button\" class=\"fav-session-button\" aria-pressed=\"false\"><span class=\"screen-reader-text\">Sessioni preferite: Landing page performanti e WP. Hai davvero bisogno di quel visual composer?<\/span><span class=\"dashicons dashicons-star-filled\"><\/span><\/a><\/div><\/td><td colspan=\"1\" class=\"wcb-speaker-andrea-cardinali wcb-track-area-m-montessori wcpt-session-type-session wcb-session-wp-async-101-introduzione-a-wp-ajax-e-alle-rest-api\" data-track-title=\"Sala Workshop - Area Montessori\" data-session-id=\"1103\"><div class=\"wcb-session-cell-content\"><a class=\"wcpt-session-title\" href=\"https:\/\/bari.wordcamp.org\/2019\/session\/wp-async-101-introduzione-a-wp-ajax-e-alle-rest-api\/\">WP Async 101: Introduzione a wp-ajax e alle REST API<\/a> <span class=\"wcpt-session-speakers\">Andrea Cardinali<\/span><\/div><div class=\"wcb-session-favourite-icon\"><a href=\"#\" role=\"button\" class=\"fav-session-button\" aria-pressed=\"false\"><span class=\"screen-reader-text\">Sessioni preferite: WP Async 101: Introduzione a wp-ajax e alle REST API<\/span><span class=\"dashicons dashicons-star-filled\"><\/span><\/a><\/div><\/td><\/tr><tr class=\"wcpt-time-1330 global-session lunch\"><td class=\"wcpt-time\">13:30<\/td><td colspan=\"2\" class=\"wcb-track-area-g-scott-heron wcb-track-area-m-montessori wcpt-session-type-custom wcb-session-lunch\" data-track-title=\"Sala Eventi - Area Scott-Heron, Sala Workshop - Area Montessori\" data-session-id=\"1095\"><div class=\"wcb-session-cell-content\"><span class=\"wcpt-session-title\">Lunch<\/span><\/div><\/td><\/tr><tr class=\"wcpt-time-1430\"><td class=\"wcpt-time\">14:30<\/td><td colspan=\"1\" class=\"wcb-speaker-francesco-riggio wcb-track-area-g-scott-heron wcpt-session-type-session wcb-session-insegnare-wordpress-da-zero\" data-track-title=\"Sala Eventi - Area Scott-Heron\" data-session-id=\"1025\"><div class=\"wcb-session-cell-content\"><a class=\"wcpt-session-title\" href=\"https:\/\/bari.wordcamp.org\/2019\/session\/insegnare-wordpress-da-zero\/\">Insegnare WordPress da zero<\/a> <span class=\"wcpt-session-speakers\">Francesco Riggio<\/span><\/div><div class=\"wcb-session-favourite-icon\"><a href=\"#\" role=\"button\" class=\"fav-session-button\" aria-pressed=\"false\"><span class=\"screen-reader-text\">Sessioni preferite: Insegnare WordPress da zero<\/span><span class=\"dashicons dashicons-star-filled\"><\/span><\/a><\/div><\/td><td colspan=\"1\" class=\"wcb-speaker-enrico-sorcinelli wcb-track-area-m-montessori wcpt-session-type-session wcb-session-regular-expressions-per-tutti\" data-track-title=\"Sala Workshop - Area Montessori\" data-session-id=\"1055\"><div class=\"wcb-session-cell-content\"><a class=\"wcpt-session-title\" href=\"https:\/\/bari.wordcamp.org\/2019\/session\/regular-expressions-per-tutti\/\">Regular Expressions per tutti<\/a> <span class=\"wcpt-session-speakers\">Enrico Sorcinelli<\/span><\/div><div class=\"wcb-session-favourite-icon\"><a href=\"#\" role=\"button\" class=\"fav-session-button\" aria-pressed=\"false\"><span class=\"screen-reader-text\">Sessioni preferite: Regular Expressions per tutti<\/span><span class=\"dashicons dashicons-star-filled\"><\/span><\/a><\/div><\/td><\/tr><tr class=\"wcpt-time-1500\"><td class=\"wcpt-time\">15:00<\/td><td colspan=\"1\" class=\"wcb-speaker-claudia-di-dio wcb-track-area-g-scott-heron wcpt-session-type-session wcb-session-dont-make-me-click-come-progettare-una-buona-seo\" data-track-title=\"Sala Eventi - Area Scott-Heron\" data-session-id=\"1057\"><div class=\"wcb-session-cell-content\"><a class=\"wcpt-session-title\" href=\"https:\/\/bari.wordcamp.org\/2019\/session\/dont-make-me-click-come-progettare-una-buona-seo\/\">Don\u2019t make me click &#8211; Come progettare una buona Seo &#8211;<\/a> <span class=\"wcpt-session-speakers\">Claudia Di Dio<\/span><\/div><div class=\"wcb-session-favourite-icon\"><a href=\"#\" role=\"button\" class=\"fav-session-button\" aria-pressed=\"false\"><span class=\"screen-reader-text\">Sessioni preferite: Don\u2019t make me click &#8211; Come progettare una buona Seo &#8211;<\/span><span class=\"dashicons dashicons-star-filled\"><\/span><\/a><\/div><\/td><td colspan=\"1\" class=\"wcb-speaker-marco-cristofanilli wcb-track-area-m-montessori wcpt-session-type-session wcb-session-siti-wordpress-ad-alto-traffico-architettura-performance-e-monitoraggio\" data-track-title=\"Sala Workshop - Area Montessori\" data-session-id=\"1031\"><div class=\"wcb-session-cell-content\"><a class=\"wcpt-session-title\" href=\"https:\/\/bari.wordcamp.org\/2019\/session\/siti-wordpress-ad-alto-traffico-architettura-performance-e-monitoraggio\/\">Siti WordPress ad alto traffico: architettura, performance e monitoraggio<\/a> <span class=\"wcpt-session-speakers\">Marco Cristofanilli<\/span><\/div><div class=\"wcb-session-favourite-icon\"><a href=\"#\" role=\"button\" class=\"fav-session-button\" aria-pressed=\"false\"><span class=\"screen-reader-text\">Sessioni preferite: Siti WordPress ad alto traffico: architettura, performance e monitoraggio<\/span><span class=\"dashicons dashicons-star-filled\"><\/span><\/a><\/div><\/td><\/tr><tr class=\"wcpt-time-1530\"><td class=\"wcpt-time\">15:30<\/td><td colspan=\"1\" class=\"wcb-speaker-laura-sacco wcb-track-area-g-scott-heron wcpt-session-type-session wcb-session-il-semaforo-di-yoast-non-e-il-tuo-problema\" data-track-title=\"Sala Eventi - Area Scott-Heron\" data-session-id=\"1049\"><div class=\"wcb-session-cell-content\"><a class=\"wcpt-session-title\" href=\"https:\/\/bari.wordcamp.org\/2019\/session\/il-semaforo-di-yoast-non-e-il-tuo-problema\/\">Il semaforo di Yoast non \u00e8 il (tuo) problema<\/a> <span class=\"wcpt-session-speakers\">Laura Sacco<\/span><\/div><div class=\"wcb-session-favourite-icon\"><a href=\"#\" role=\"button\" class=\"fav-session-button\" aria-pressed=\"false\"><span class=\"screen-reader-text\">Sessioni preferite: Il semaforo di Yoast non \u00e8 il (tuo) problema<\/span><span class=\"dashicons dashicons-star-filled\"><\/span><\/a><\/div><\/td><td colspan=\"1\" class=\"wcb-speaker-stefano-minoia wcb-track-area-m-montessori wcpt-session-type-session wcb-session-font-awesome-in-wordpress-come-caricare-un-icon-set-in-un-sito\" data-track-title=\"Sala Workshop - Area Montessori\" data-session-id=\"1039\"><div class=\"wcb-session-cell-content\"><a class=\"wcpt-session-title\" href=\"https:\/\/bari.wordcamp.org\/2019\/session\/font-awesome-in-wordpress-come-caricare-un-icon-set-in-un-sito\/\">Font Awesome in WordPress: come caricare un icon set in un sito<\/a> <span class=\"wcpt-session-speakers\">Stefano Minoia<\/span><\/div><div class=\"wcb-session-favourite-icon\"><a href=\"#\" role=\"button\" class=\"fav-session-button\" aria-pressed=\"false\"><span class=\"screen-reader-text\">Sessioni preferite: Font Awesome in WordPress: come caricare un icon set in un sito<\/span><span class=\"dashicons dashicons-star-filled\"><\/span><\/a><\/div><\/td><\/tr><tr class=\"wcpt-time-1600 global-session short-break\"><td class=\"wcpt-time\">16:00<\/td><td colspan=\"2\" class=\"wcb-track-area-g-scott-heron wcb-track-area-m-montessori wcpt-session-type-custom wcb-session-short-break-2\" data-track-title=\"Sala Eventi - Area Scott-Heron, Sala Workshop - Area Montessori\" data-session-id=\"1093\"><div class=\"wcb-session-cell-content\"><span class=\"wcpt-session-title\">Short Break<\/span><\/div><\/td><\/tr><tr class=\"wcpt-time-1630\"><td class=\"wcpt-time\">16:30<\/td><td colspan=\"1\" class=\"wcb-speaker-massimo-portoghese wcb-track-area-g-scott-heron wcpt-session-type-session wcb-session-cook-is-poetry\" data-track-title=\"Sala Eventi - Area Scott-Heron\" data-session-id=\"1051\"><div class=\"wcb-session-cell-content\"><a class=\"wcpt-session-title\" href=\"https:\/\/bari.wordcamp.org\/2019\/session\/cook-is-poetry\/\">Cook is Poetry<\/a> <span class=\"wcpt-session-speakers\">Massimo Portoghese<\/span><\/div><div class=\"wcb-session-favourite-icon\"><a href=\"#\" role=\"button\" class=\"fav-session-button\" aria-pressed=\"false\"><span class=\"screen-reader-text\">Sessioni preferite: Cook is Poetry<\/span><span class=\"dashicons dashicons-star-filled\"><\/span><\/a><\/div><\/td><td class=\"wcpt-session-empty\"><\/td><\/tr><tr class=\"wcpt-time-1700 global-session closing-remarks\"><td class=\"wcpt-time\">17:00<\/td><td colspan=\"2\" class=\"wcb-track-area-g-scott-heron wcb-track-area-m-montessori wcpt-session-type-custom wcb-session-closing-remarks\" data-track-title=\"Sala Eventi - Area Scott-Heron, Sala Workshop - Area Montessori\" data-session-id=\"1097\"><div class=\"wcb-session-cell-content\"><span class=\"wcpt-session-title\">Closing remarks<\/span><\/div><\/td><\/tr><\/tbody><\/table>\n\t<div class=\"email-form fav-session-email-form-hide\">\n\t\t<!-- Tab links -->\n\t\t<div class=\"fav-session-share-tab\">\n\t\t\t\t\t\t\t<div class=\"fav-session-tablinks\" id=\"fav-session-btn-email\">\n\t\t\t\t\tEmail\t\t\t\t<\/div>\n\t\t\t\n\t\t\t<div class=\"fav-session-tablinks\" id=\"fav-session-btn-link\">\n\t\t\t\tLink\t\t\t<\/div>\n\n\t\t\t<div class=\"fav-session-tablinks\" id=\"fav-session-btn-print\">\n\t\t\t\tStampa\t\t\t<\/div>\n\t\t<\/div>\n\n\t\t<!-- Tab content -->\n\t\t\t\t\t<div id=\"fav-session-tab-email\" class=\"fav-session-share-tabcontent\">\n\t\t\t\t<div id=\"fav-session-email-form\">\n\t\t\t\t\tSpediscimi le mie sessioni preferite:\n\t\t\t\t\t<form id=\"fav-sessions-form\">\n\t\t\t\t\t\t<input\n\t\t\t\t\t\t\ttype=\"text\"\n\t\t\t\t\t\t\tname=\"email_address\"\n\t\t\t\t\t\t\tid=\"fav-sessions-email-address\"\n\t\t\t\t\t\t\tplaceholder=\"me@protonmail.com\"\n\t\t\t\t\t\t\/>\n\t\t\t\t\t\t<input type=\"submit\" value=\"Invio\" \/>\n\t\t\t\t\t<\/form>\n\t\t\t\t<\/div>\n\n\t\t\t\t<div class=\"fav-session-email-wait-spinner\"><\/div>\n\t\t\t\t<div class=\"fav-session-email-result\"><\/div>\n\t\t\t<\/div>\n\t\t\n\t\t<div id=\"fav-session-tab-link\" class=\"fav-session-share-tabcontent\">\n\t\t\tLink condivisibile:\t\t\t<br \/>\n\t\t\t<a id=\"fav-sessions-link\" href=\"\"><\/a>\n\t\t<\/div>\n\n\t\t<div id=\"fav-session-tab-print\" class=\"fav-session-share-tabcontent\">\n\t\t\t<button id=\"fav-session-print\">\n\t\t\t\tStampa le sessioni preferite\t\t\t<\/button>\n\t\t<\/div>\n\t<\/div>\n\n\t<a class=\"show-email-form\" href=\"javascript:\">\n\t\t<span class=\"dashicons dashicons-star-filled\"><\/span>\n\t\t<span class=\"dashicons dashicons-email-alt\"><\/span>\n\t<\/a>\n\n\t","protected":false},"excerpt":{"rendered":"<p>Sabato, 18 Maggio<\/p>\n","protected":false},"author":14463555,"featured_media":1161,"parent":0,"menu_order":0,"comment_status":"closed","ping_status":"closed","template":"","meta":{"jetpack_post_was_ever_published":false,"footnotes":""},"class_list":["post-7","page","type-page","status-publish","has-post-thumbnail","hentry"],"jetpack_likes_enabled":true,"jetpack_sharing_enabled":true,"_links":{"self":[{"href":"https:\/\/bari.wordcamp.org\/2019\/wp-json\/wp\/v2\/pages\/7","targetHints":{"allow":["GET"]}}],"collection":[{"href":"https:\/\/bari.wordcamp.org\/2019\/wp-json\/wp\/v2\/pages"}],"about":[{"href":"https:\/\/bari.wordcamp.org\/2019\/wp-json\/wp\/v2\/types\/page"}],"author":[{"embeddable":true,"href":"https:\/\/bari.wordcamp.org\/2019\/wp-json\/wp\/v2\/users\/14463555"}],"replies":[{"embeddable":true,"href":"https:\/\/bari.wordcamp.org\/2019\/wp-json\/wp\/v2\/comments?post=7"}],"version-history":[{"count":5,"href":"https:\/\/bari.wordcamp.org\/2019\/wp-json\/wp\/v2\/pages\/7\/revisions"}],"predecessor-version":[{"id":1162,"href":"https:\/\/bari.wordcamp.org\/2019\/wp-json\/wp\/v2\/pages\/7\/revisions\/1162"}],"wp:featuredmedia":[{"embeddable":true,"href":"https:\/\/bari.wordcamp.org\/2019\/wp-json\/wp\/v2\/media\/1161"}],"wp:attachment":[{"href":"https:\/\/bari.wordcamp.org\/2019\/wp-json\/wp\/v2\/media?parent=7"}],"curies":[{"name":"wp","href":"https:\/\/api.w.org\/{rel}","templated":true}]}}